
{"id":3058,"date":"2022-07-12T23:48:47","date_gmt":"2022-07-12T21:48:47","guid":{"rendered":"https:\/\/www.lifeuplifter.eu\/?page_id=3058"},"modified":"2025-02-20T23:14:33","modified_gmt":"2025-02-20T22:14:33","slug":"coaching-de-vida-2","status":"publish","type":"page","link":"https:\/\/www.lifeuplifter.eu\/?page_id=3058","title":{"rendered":"Coaching de alineamiento"},"content":{"rendered":"<p class=\"Body\" style=\"text-align: left;\"><span lang=\"EN-US\">Todo lo que deseamos en la vida es porque pensamos que al obtenerlo nos sentiremos mejor, por ejemplo, felices o satisfechos. \u00a0Por qu\u00e9 no aprender a lograr ese sentimiento primero, y al hacerlo, \u00a0<strong><span style=\"color: #993366;\">crear<\/span><\/strong>\u00a0una vida que ames? <\/span><\/p>\n<p class=\"Body\" style=\"text-align: left;\"><span lang=\"EN-US\">Felicidades. C<\/span>on solo leer esto, has dado un primer paso y tal vez hecho un reconocimiento interno que es puramente normal<span lang=\"EN-US\">:\u00a0<\/span><span style=\"color: #993366;\"><strong>quieres ser (m\u00e1s) fel\u00edz y necesitas ayuda para saber c\u00f3mo lograrlo<\/strong><\/span><span style=\"color: #993366;\"><span style=\"caret-color: #993366;\"><b><span style=\"color: #993366;\">.\u00a0<\/span><\/b><\/span><\/span>Los viejos patrones de pensamiento y los bloqueos que aparecen en el camino, representan situaciones repetidas, carencia de progreso o la misma sensaci\u00f3n de sentirse atascado o insatisfecho.<\/p>\n<p><!--more--><\/p>\n<h2><span style=\"color: #333333;\"><strong>Alineamiento de vanguardia \u00a0&#8211; convi\u00e9rtete en una mente maestra<\/strong><\/span><\/h2>\n<p class=\"Body\">Si realmente est\u00e1s dispuesto a romper patrones y deseas un cambio positivo, primero todo debe brotar de tu interior.<span class=\"Apple-converted-space\">\u00a0<\/span>Tratar de controlar el entorno que nos rodea (como la mayor\u00eda lo hace) es ir por el camino dif\u00edcil. <strong><span style=\"color: #993366;\">Sin embargo, eres el amo de tu propia mente y, por lo tanto, puedes tener un control absoluto del entorno dentro de ti.\u00a0<\/span><\/strong>Al lograr esto primero, como consecuencia, tu mundo exterior responder\u00e1 \u201cm\u00e1gicamente\u201d. Si estas palabras tienen resonancia, puedo asegurarte que est\u00e1s en el lugar correcto.<\/p>\n<p class=\"Body\"><span lang=\"EN-US\" style=\"color: #333333;\">\u00a0T<\/span>e ense\u00f1ar\u00e9 sobre el poder creativo de tus pensamientos y emociones, de tu enfoque y\u00a0<span style=\"color: #993366;\"><strong>c\u00f3mo convertirte en el creador deliberado de tu propia realidad<span lang=\"EN-US\">.<\/span><\/strong><\/span><\/p>\n<p>El 95% de nuestra mente opera en la mente subconsciente. Tenemos creencias sobre nosotros mismos y sobre la vida, que adquirimos a lo largo de nuestra vida desde la infancia, incluso desde el vientre de nuestras madres. Estas creencias o historias que nos contamos a nosotros mismos filtran todo lo que experimentamos en nuestras vidas. No s\u00f3lo nuestra percepci\u00f3n, sino la forma en que las cosas y los dem\u00e1s nos afectan y, por lo tanto, la forma en que sentimos (las frecuencias (pensamientos y emociones) con las que operamos) crean lo que \u201cnos pasa\u201d.<\/p>\n<p>Las creencia son pensamientos que seguimos pensando. La mayor\u00eda de las personas no son conscientes de las creencias que tienen en el subconsciente que no les permiten experimentar sus deseos. Por lo tanto, si hay algo que deseas desde hace mucho tiempo y nada que hagas lo logra, existe una creencia de la que no eres consciente, a la que te aferras, que est\u00e1 limitando y bloqueando esa experiencia, sea una relaci\u00f3n, abundancia, salud o cualquier deseo.<\/p>\n<p>Muchas creencias fueron programadas hace mucho tiempo en nuestra mente. Hasta los 7 a\u00f1os operamos en la onda cerebral theta, es decir, creemos todo lo que nos dicen. A partir de los 7 a\u00f1os aprox. nos volvemos conscientes. Por lo tanto, antes de que puedas volverte consciente, si no tienes ning\u00fan programa, \u00bfde qu\u00e9 vas a ser consciente? Como dice Bruce Lipton: \u201cDame un ni\u00f1o hasta que tenga 7 a\u00f1os y te mostrar\u00e9 al hombre\u201d.<\/p>\n<p class=\"Body\"><span lang=\"EN-US\">\u00a0Trabajando conmigo, o<\/span>btendr\u00e1s\u00a0<span style=\"color: #993366;\"><strong>herramientas de transformaci\u00f3n<\/strong><\/span> que te servir\u00e1n para toda la vida y aprender\u00e1s a lograr un mejor sentido de autoconsciencia y c\u00f3mo cambiar tu vida intencionalmente.<\/p>\n<p class=\"Body\"><strong><span style=\"color: #993366;\"><span lang=\"EN-US\">S<\/span>omos los creadores de nuestra propia realidad. Todos tenemos la capacidad de crear y reclamar la vida que amamos<span lang=\"EN-US\">! <\/span><\/span><\/strong><\/p>\n<p class=\"Body\"><span lang=\"EN-US\">No existe<\/span>\u00a0absolutamente ning\u00fan obst\u00e1culo, s\u00f3lo formas de pensamiento err\u00f3neas.<\/p>\n<p><em>&#8220;<\/em>Hay potencial de sentir placer donde sea que est\u00e9s, una vez que decidas que esa es tu actitud. Y es realmente err\u00f3neo el esperar las circunstancias perfectas antes de permitirnos ese placer. Eso es al rev\u00e9s de todo lo que ense\u00f1amos.<em>&#8221; <\/em><\/p>\n<p><em>&#8211; Abraham Hicks<\/em><\/p>\n","protected":false},"excerpt":{"rendered":"<p>Todo lo que deseamos en la vida es porque pensamos que al obtenerlo nos sentiremos mejor, por ejemplo, felices o satisfechos. \u00a0Por qu\u00e9 no aprender a lograr ese sentimiento primero, y al hacerlo, \u00a0crear\u00a0una vida que ames? Felicidades. Con solo leer esto, has dado un primer paso y tal vez hecho un reconocimiento interno que &hellip; <\/p>\n<p class=\"link-more\"><a href=\"https:\/\/www.lifeuplifter.eu\/?page_id=3058\" class=\"more-link\">Continue reading<span class=\"screen-reader-text\"> &#8220;Coaching de alineamiento&#8221;<\/span><\/a><\/p>\n","protected":false},"author":1,"featured_media":232,"parent":0,"menu_order":0,"comment_status":"closed","ping_status":"closed","template":"","meta":{"footnotes":""},"class_list":["post-3058","page","type-page","status-publish","has-post-thumbnail","hentry"],"_links":{"self":[{"href":"https:\/\/www.lifeuplifter.eu\/index.php?rest_route=\/wp\/v2\/pages\/3058"}],"collection":[{"href":"https:\/\/www.lifeuplifter.eu\/index.php?rest_route=\/wp\/v2\/pages"}],"about":[{"href":"https:\/\/www.lifeuplifter.eu\/index.php?rest_route=\/wp\/v2\/types\/page"}],"author":[{"embeddable":true,"href":"https:\/\/www.lifeuplifter.eu\/index.php?rest_route=\/wp\/v2\/users\/1"}],"replies":[{"embeddable":true,"href":"https:\/\/www.lifeuplifter.eu\/index.php?rest_route=%2Fwp%2Fv2%2Fcomments&post=3058"}],"version-history":[{"count":10,"href":"https:\/\/www.lifeuplifter.eu\/index.php?rest_route=\/wp\/v2\/pages\/3058\/revisions"}],"predecessor-version":[{"id":4661,"href":"https:\/\/www.lifeuplifter.eu\/index.php?rest_route=\/wp\/v2\/pages\/3058\/revisions\/4661"}],"wp:featuredmedia":[{"embeddable":true,"href":"https:\/\/www.lifeuplifter.eu\/index.php?rest_route=\/wp\/v2\/media\/232"}],"wp:attachment":[{"href":"https:\/\/www.lifeuplifter.eu\/index.php?rest_route=%2Fwp%2Fv2%2Fmedia&parent=3058"}],"curies":[{"name":"wp","href":"https:\/\/api.w.org\/{rel}","templated":true}]}}