
{"id":3067,"date":"2022-07-12T23:55:43","date_gmt":"2022-07-12T21:55:43","guid":{"rendered":"https:\/\/www.lifeuplifter.eu\/?page_id=3067"},"modified":"2025-10-31T20:19:56","modified_gmt":"2025-10-31T19:19:56","slug":"contacto-2","status":"publish","type":"page","link":"https:\/\/www.lifeuplifter.eu\/?page_id=3067","title":{"rendered":"Contacto"},"content":{"rendered":"<p>Reserva en el siguiente link una consulta inicial gratis (15mins) v\u00eda video llamada o simplemente env\u00edame un email. Despu\u00e9s de la confirmaci\u00f3n de la consulta, te enviar\u00e9 el link.<\/p>\n<p><a href=\"https:\/\/calendly.com\/lifeuplifter\/15min-discovery-call\">https:\/\/calendly.com\/lifeuplifter\/15min-discovery-call<\/a><\/p>\n<p>claudia@www.lifeuplifter.eu<\/p>\n<p>Las sesiones de Life Uplifter son via video llamada o presenciales, sea en Per\u00fa, Miami (FL), Viena (AT), as\u00ed como en otras ciudades del Planeta \ud83d\ude42 cuando me encuentro all\u00ed.<\/p>\n<p>Idiomas de consulta: ingl\u00e9s, espa\u00f1ol o alem\u00e1n.<\/p>\n<p>\u00a1Me alegro en anticipaci\u00f3n de conocernos!<\/p>\n","protected":false},"excerpt":{"rendered":"<p>Reserva en el siguiente link una consulta inicial gratis (15mins) v\u00eda video llamada o simplemente env\u00edame un email. Despu\u00e9s de la confirmaci\u00f3n de la consulta, te enviar\u00e9 el link. https:\/\/calendly.com\/lifeuplifter\/15min-discovery-call claudia@www.lifeuplifter.eu Las sesiones de Life Uplifter son via video llamada o presenciales, sea en Per\u00fa, Miami (FL), Viena (AT), as\u00ed como en otras ciudades del &hellip; <\/p>\n<p class=\"link-more\"><a href=\"https:\/\/www.lifeuplifter.eu\/?page_id=3067\" class=\"more-link\">Continue reading<span class=\"screen-reader-text\"> &#8220;Contacto&#8221;<\/span><\/a><\/p>\n","protected":false},"author":1,"featured_media":73,"parent":0,"menu_order":0,"comment_status":"closed","ping_status":"closed","template":"","meta":{"footnotes":""},"class_list":["post-3067","page","type-page","status-publish","has-post-thumbnail","hentry"],"_links":{"self":[{"href":"https:\/\/www.lifeuplifter.eu\/index.php?rest_route=\/wp\/v2\/pages\/3067"}],"collection":[{"href":"https:\/\/www.lifeuplifter.eu\/index.php?rest_route=\/wp\/v2\/pages"}],"about":[{"href":"https:\/\/www.lifeuplifter.eu\/index.php?rest_route=\/wp\/v2\/types\/page"}],"author":[{"embeddable":true,"href":"https:\/\/www.lifeuplifter.eu\/index.php?rest_route=\/wp\/v2\/users\/1"}],"replies":[{"embeddable":true,"href":"https:\/\/www.lifeuplifter.eu\/index.php?rest_route=%2Fwp%2Fv2%2Fcomments&post=3067"}],"version-history":[{"count":12,"href":"https:\/\/www.lifeuplifter.eu\/index.php?rest_route=\/wp\/v2\/pages\/3067\/revisions"}],"predecessor-version":[{"id":4710,"href":"https:\/\/www.lifeuplifter.eu\/index.php?rest_route=\/wp\/v2\/pages\/3067\/revisions\/4710"}],"wp:featuredmedia":[{"embeddable":true,"href":"https:\/\/www.lifeuplifter.eu\/index.php?rest_route=\/wp\/v2\/media\/73"}],"wp:attachment":[{"href":"https:\/\/www.lifeuplifter.eu\/index.php?rest_route=%2Fwp%2Fv2%2Fmedia&parent=3067"}],"curies":[{"name":"wp","href":"https:\/\/api.w.org\/{rel}","templated":true}]}}