
{"id":3134,"date":"2022-08-04T01:30:04","date_gmt":"2022-08-03T23:30:04","guid":{"rendered":"https:\/\/www.lifeuplifter.eu\/?page_id=3134"},"modified":"2024-10-23T04:24:00","modified_gmt":"2024-10-23T02:24:00","slug":"home-esp-2","status":"publish","type":"page","link":"https:\/\/www.lifeuplifter.eu\/?page_id=3134","title":{"rendered":"Home"},"content":{"rendered":"<blockquote>\n<h3 style=\"text-align: center;\"><strong><span data-darkreader-inline-color=\"\"><span style=\"color: #993366;\"><span style=\"font-style: normal;\">Life Uplifter es el\u00a0<\/span><span style=\"caret-color: #993366; font-style: normal;\">programa transformador de coaching de vida<\/span><\/span><\/span><span style=\"font-style: normal;\">\u00a0que te llevar\u00e1 hacia el bienestar pleno y la vida que tanto anhelas\u00a0<\/span><span style=\"font-style: normal;\">.<\/span><\/strong><\/h3>\n<\/blockquote>\n<p style=\"text-align: center;\">Es perfectamente normal experimentar momentos en los que necesitas una gu\u00eda externa, por ejemplo, cuando est\u00e1s insatisfecho, perdido o no logras alcanzar una meta de vida.<\/p>\n<h3 style=\"text-align: center;\"><span style=\"color: #000000;\" data-darkreader-inline-color=\"\">Como coach de vida\u00a0<\/span><strong>TRANSFORMO VIDAS. <\/strong><span style=\"color: #993366;\" data-darkreader-inline-color=\"\">Te puedo ayudar a descubrir tu verdadero yo empoderado, como creador intencional de tu propia realidad, <\/span><span style=\"color: #000000;\" data-darkreader-inline-color=\"\">y a revelar el 100% de tu potencial.<\/span><\/h3>\n<div style=\"text-align: center;\">\n<div><\/div>\n<\/div>\n<div><\/div>\n<h4 style=\"text-align: center;\"><span data-darkreader-inline-color=\"\"><strong>Quieres\u00a0mejorar tu vida laboral y tener mas tiempo para t\u00ed ?<\/strong><\/span><span data-darkreader-inline-color=\"\"><strong><span data-darkreader-inline-color=\"\"><span style=\"color: #333333;\" data-darkreader-inline-color=\"\">\u00a0<\/span><span data-darkreader-inline-color=\"\"><span style=\"color: #993366;\">o mejorar tu vida\u00a0<span style=\"caret-color: #993366;\">amorosa y tus relaciones<\/span>?<\/span><\/span><\/span><\/strong><\/span><\/h4>\n<p style=\"text-align: center;\"><span style=\"color: #000000;\" data-darkreader-inline-color=\"\">Juntos trabajaremos hacia tu objectivo practicando<\/span><span style=\"color: #993366;\" data-darkreader-inline-color=\"\">\u00a0nuevas formas de pensar, <\/span><span style=\"color: #000000;\" data-darkreader-inline-color=\"\">y, a trav\u00e9z de t\u00e9cnicas, te ayudar\u00e9 a<\/span><span style=\"color: #993366;\" data-darkreader-inline-color=\"\">\u00a0alcanzar tus deseos mas profundos.<\/span><\/p>\n<p style=\"text-align: center;\"><span style=\"color: #000000;\" data-darkreader-inline-color=\"\">Trabajando conmigo, recibir\u00e1s herramientas pr\u00e1cticas de transformaci\u00f3n que podr\u00e1s utilizar por ti mismo. Herramientas que te servir\u00e1n para toda la vida!<\/span><\/p>\n<h3 style=\"text-align: center;\"><span style=\"color: #000000;\" data-darkreader-inline-color=\"\">Al aplicar mis m\u00e9todos que cambian vidas, ver\u00e1s evidencia de que puedes<\/span>\u00a0<strong>SER, HACER o TENER \u00a0todo lo que quieras.<\/strong><\/h3>\n<p style=\"text-align: center;\"><span style=\"color: #000000;\" data-darkreader-inline-color=\"\">No hay nada que yo ame m\u00e1s que ayudar a personas a sentirse bien, lo cual comprend\u00ed a trav\u00e9s de estas ense\u00f1anzas, para atraer mi mayor deseo!<\/span><\/p>\n<p style=\"text-align: center;\"><span style=\"color: #000000;\" data-darkreader-inline-color=\"\">As\u00ed, como tu coach de vida, me hace ilusi\u00f3n compartir mis conocimientos y m\u00e9todos para que tambi\u00e9n puedas \u00a0tener una vida maravillosa.<\/span><\/p>\n<div style=\"text-align: center;\"><\/div>\n","protected":false},"excerpt":{"rendered":"<p>Life Uplifter es el\u00a0programa transformador de coaching de vida\u00a0que te llevar\u00e1 hacia el bienestar pleno y la vida que tanto anhelas\u00a0. Es perfectamente normal experimentar momentos en los que necesitas una gu\u00eda externa, por ejemplo, cuando est\u00e1s insatisfecho, perdido o no logras alcanzar una meta de vida. Como coach de vida\u00a0TRANSFORMO VIDAS. Te puedo ayudar &hellip; <\/p>\n<p class=\"link-more\"><a href=\"https:\/\/www.lifeuplifter.eu\/?page_id=3134\" class=\"more-link\">Continue reading<span class=\"screen-reader-text\"> &#8220;Home&#8221;<\/span><\/a><\/p>\n","protected":false},"author":1,"featured_media":0,"parent":0,"menu_order":0,"comment_status":"closed","ping_status":"closed","template":"","meta":{"footnotes":""},"class_list":["post-3134","page","type-page","status-publish","hentry"],"_links":{"self":[{"href":"https:\/\/www.lifeuplifter.eu\/index.php?rest_route=\/wp\/v2\/pages\/3134"}],"collection":[{"href":"https:\/\/www.lifeuplifter.eu\/index.php?rest_route=\/wp\/v2\/pages"}],"about":[{"href":"https:\/\/www.lifeuplifter.eu\/index.php?rest_route=\/wp\/v2\/types\/page"}],"author":[{"embeddable":true,"href":"https:\/\/www.lifeuplifter.eu\/index.php?rest_route=\/wp\/v2\/users\/1"}],"replies":[{"embeddable":true,"href":"https:\/\/www.lifeuplifter.eu\/index.php?rest_route=%2Fwp%2Fv2%2Fcomments&post=3134"}],"version-history":[{"count":9,"href":"https:\/\/www.lifeuplifter.eu\/index.php?rest_route=\/wp\/v2\/pages\/3134\/revisions"}],"predecessor-version":[{"id":4638,"href":"https:\/\/www.lifeuplifter.eu\/index.php?rest_route=\/wp\/v2\/pages\/3134\/revisions\/4638"}],"wp:attachment":[{"href":"https:\/\/www.lifeuplifter.eu\/index.php?rest_route=%2Fwp%2Fv2%2Fmedia&parent=3134"}],"curies":[{"name":"wp","href":"https:\/\/api.w.org\/{rel}","templated":true}]}}