
{"id":3154,"date":"2022-07-28T20:17:10","date_gmt":"2022-07-28T18:17:10","guid":{"rendered":"https:\/\/www.lifeuplifter.eu\/?page_id=3154"},"modified":"2025-04-11T01:18:44","modified_gmt":"2025-04-10T23:18:44","slug":"about-2-3","status":"publish","type":"page","link":"https:\/\/www.lifeuplifter.eu\/?page_id=3154","title":{"rendered":"Sobre Life Uplifter"},"content":{"rendered":"<p style=\"text-align: center;\"><strong><i>Es el momento perfecto para despertar y escuchar la\u00a0m\u00fasica de tu coraz\u00f3n.<\/i><\/strong><\/p>\n<p>Empez\u00e9 mi b\u00fasqueda de paz interior hace d\u00e9cadas. Mi coaching de vida se basa principalmente en las ense\u00f1anzas de Abraham Hicks, Bashar, as\u00ed como en reconocidos mentores de consciencia plena y gu\u00edas espirituales. A lo largo de mi camino he ayudado a muchas personas, gui\u00e1ndolas exitosamente a mejorar sus vidas.<\/p>\n<p>Soy profesional certificada en\u00a0T\u00e9cnica de Liberaci\u00f3n Emocional (EFT),\u00a0Terapia del Campo del Pensamiento (TFT)\u00a0y de Terapia Cognitivo Conductual (CBT).<\/p>\n<p>Adem\u00e1s, soy profesional certificada en Access Bars\u00ae, una terapia alternativa relajante que ayuda a liberar emociones y creencias limitantes que impiden alcanzar una maravillosa experiencia de vida. Obten m\u00e1s informaci\u00f3n sobre mi pr\u00e1ctica de barras <span style=\"color: #993366;\"><a style=\"color: #993366;\" href=\"https:\/\/www.lifeuplifter.eu\/?page_id=3161\">aqu\u00ed<\/a>.<\/span><\/p>\n<p>Poseo una formaci\u00f3n empresarial (propietaria de empresa) y tengo estudios universitarios de ciencias de la comunicaci\u00f3n y marketing. Esta combinaci\u00f3n de experiencia empresarial y conciencia espiritual me permite integrar ambas de manera hol\u00edstica, sobre la base de la importancia de tener <span style=\"color: #993366;\">paz emocional primero<\/span>, <span style=\"color: #993366;\">despertar espiritualmente<\/span>, para <strong><span style=\"color: #993366;\">as\u00ed<\/span> <\/strong>crear la vida de nuestros sue\u00f1os.<\/p>\n<div><\/div>\n<p><strong>Trabajar conmigo<\/strong><\/p>\n<p>Mi coaching de vida es fluido y f\u00e1cil. No hago programas a largo plazo porque el objetivo es que seas capaz de guiarte sol@ a corto o mediano plazo, ya que habr\u00e1s<span style=\"color: #993366;\"> identificado tu verdadero yo interior<\/span> que te ayudar\u00e1 a alcanzar el resto.<\/p>\n<p><!--more--><\/p>\n<p>Te dar\u00e9 herramientas pr\u00e1cticas que te ayudar\u00e1n a mejorar cada area de tu vida y tus interacciones con personas. Lo m\u00e1s importante, te ayudar\u00e9 a <span style=\"color: #993366;\">asesorarte a ti mismo<\/span> y a comprender lo que quieres, por qu\u00e9 lo quieres y c\u00f3mo obtenerlo. Te ayudar\u00e9 a cerrar la brecha que separa donde est\u00e1s de donde quieres estar.<\/p>\n<p>Te ofrecer\u00e9 <span style=\"color: #993366;\">t\u00e9cnicas de conscientizaci\u00f3n<\/span> que te ayudar\u00e1n a<span style=\"color: #993366;\"> afrontar situaciones de una manera completamente diferente<\/span>, y a aprender a <span style=\"color: #993366;\">crear conscientemente tu propia realidad<\/span>. Sin saberlo, toda tu vida has estado creando tu propia realidad.<\/p>\n<p>Muchas personas viven en constante estr\u00e9s y con emociones constantes de frustraci\u00f3n, en el trabajo, con su pareja o por la ausencia de \u00e9sta, sobre el dinero, vida social, etc. Culpan a las condiciones y pueden permanecer a\u00f1os en una situaciones similares, repitiendo los mismos patrones, deseando un cambio que nunca viene. \u00bfPor qu\u00e9 es eso?<\/p>\n<p><span style=\"color: #993366;\">Lo que sea en lo que te enfoques traer\u00e1 m\u00e1s de lo mismo,<\/span> es ley universal. La negatividad trae negatividad.<\/p>\n<p>Con esta consciencia y nuevas t\u00e9cnicas que aprender\u00e1s, ser\u00e1 mucho m\u00e1s f\u00e1cil cambiar tu enfoque hacia lo que quieres, crear progreso en tu vida y permitir experiencias maravillosas.<\/p>\n<p><span style=\"color: #993366;\">Como tu coach de vida, te ayudar\u00e9 a identificar y cambiar creencias limitantes<\/span>, como &#8220;No puedo tener, hacer o ser eso&#8221;, y los patrones de pensamiento y bloqueos que nos mantienen atrapados en las mismas situaciones ser\u00e1n eliminados.<\/p>\n<p>Somos seres espirituales y estamos aqu\u00ed con el prop\u00f3sito de disfrutar, de crecimiento y expansi\u00f3n. Siempre vamos a desear m\u00e1s, siempre estamos evolucionando y eso es magn\u00edfico!<\/p>\n<p>Ya sea que busques ayuda y gu\u00eda externa para una situaci\u00f3n particular, o simplemente est\u00e9s listo para dar el paso y despertar el potencial de tu interior&#8230; \u00a1Life Uplifter te va a beneficiar!<\/p>\n<p>Me hace ilusi\u00f3n compartir contigo herramientas de vida que cambian vidas.<\/p>\n<p><img loading=\"lazy\" decoding=\"async\" class=\"aligncenter wp-image-4666 size-large\" src=\"https:\/\/www.lifeuplifter.eu\/wp-content\/uploads\/2025\/04\/yo-edited-463x512.jpeg\" alt=\"\" width=\"463\" height=\"512\" srcset=\"https:\/\/www.lifeuplifter.eu\/wp-content\/uploads\/2025\/04\/yo-edited-463x512.jpeg 463w, https:\/\/www.lifeuplifter.eu\/wp-content\/uploads\/2025\/04\/yo-edited-271x300.jpeg 271w, https:\/\/www.lifeuplifter.eu\/wp-content\/uploads\/2025\/04\/yo-edited.jpeg 765w\" sizes=\"(max-width: 463px) 100vw, 463px\" \/><\/p>\n","protected":false},"excerpt":{"rendered":"<p>Es el momento perfecto para despertar y escuchar la\u00a0m\u00fasica de tu coraz\u00f3n. Empez\u00e9 mi b\u00fasqueda de paz interior hace d\u00e9cadas. Mi coaching de vida se basa principalmente en las ense\u00f1anzas de Abraham Hicks, Bashar, as\u00ed como en reconocidos mentores de consciencia plena y gu\u00edas espirituales. A lo largo de mi camino he ayudado a muchas &hellip; <\/p>\n<p class=\"link-more\"><a href=\"https:\/\/www.lifeuplifter.eu\/?page_id=3154\" class=\"more-link\">Continue reading<span class=\"screen-reader-text\"> &#8220;Sobre Life Uplifter&#8221;<\/span><\/a><\/p>\n","protected":false},"author":1,"featured_media":373,"parent":0,"menu_order":0,"comment_status":"closed","ping_status":"closed","template":"","meta":{"footnotes":""},"class_list":["post-3154","page","type-page","status-publish","has-post-thumbnail","hentry"],"_links":{"self":[{"href":"https:\/\/www.lifeuplifter.eu\/index.php?rest_route=\/wp\/v2\/pages\/3154"}],"collection":[{"href":"https:\/\/www.lifeuplifter.eu\/index.php?rest_route=\/wp\/v2\/pages"}],"about":[{"href":"https:\/\/www.lifeuplifter.eu\/index.php?rest_route=\/wp\/v2\/types\/page"}],"author":[{"embeddable":true,"href":"https:\/\/www.lifeuplifter.eu\/index.php?rest_route=\/wp\/v2\/users\/1"}],"replies":[{"embeddable":true,"href":"https:\/\/www.lifeuplifter.eu\/index.php?rest_route=%2Fwp%2Fv2%2Fcomments&post=3154"}],"version-history":[{"count":11,"href":"https:\/\/www.lifeuplifter.eu\/index.php?rest_route=\/wp\/v2\/pages\/3154\/revisions"}],"predecessor-version":[{"id":4669,"href":"https:\/\/www.lifeuplifter.eu\/index.php?rest_route=\/wp\/v2\/pages\/3154\/revisions\/4669"}],"wp:featuredmedia":[{"embeddable":true,"href":"https:\/\/www.lifeuplifter.eu\/index.php?rest_route=\/wp\/v2\/media\/373"}],"wp:attachment":[{"href":"https:\/\/www.lifeuplifter.eu\/index.php?rest_route=%2Fwp%2Fv2%2Fmedia&parent=3154"}],"curies":[{"name":"wp","href":"https:\/\/api.w.org\/{rel}","templated":true}]}}