
{"id":3161,"date":"2022-07-28T20:20:23","date_gmt":"2022-07-28T18:20:23","guid":{"rendered":"https:\/\/www.lifeuplifter.eu\/?page_id=3161"},"modified":"2025-10-31T20:05:12","modified_gmt":"2025-10-31T19:05:12","slug":"access-bars-terapia-alternativa-2","status":"publish","type":"page","link":"https:\/\/www.lifeuplifter.eu\/?page_id=3161","title":{"rendered":"Access Bars\u00ae Terapia Alternativa"},"content":{"rendered":"<p class=\"p1\"><span class=\"s1\"><span style=\"color: #993366;\"><strong>Access Bars\u00ae<\/strong><\/span> e<\/span>s una terapia alternativa pr\u00e1ctica, sencilla y muy poderosa que fue introducida por Gary Douglas a principios de 1990.<\/p>\n<p>Las barras son 32 puntos de la cabeza que, cuando se tocan suavemente, liberan bloqueos, creencias limitantes y patrones de pensamiento que nos impiden sentir felicidad y paz mental.<\/p>\n<p class=\"p1\"><span style=\"color: #993366;\"><strong><span class=\"s1\">E<\/span><\/strong><strong>stos puntos contienen el componente electromagn\u00e9tico de todas las ideas, creencias, emociones y decisiones tomadas a lo largo de nuestra vida.<span class=\"Apple-converted-space\">\u00a0<\/span><\/strong><\/span><\/p>\n<p class=\"p1\">As\u00ed c\u00f3mo la medicina tradicional china se basa en la premisa de que la energ\u00eda recorre nuestro cuerpo y la energ\u00eda \u201cbloqueada\u201d tiene un efecto restrictivo en la vida de una persona, Access Bars<span class=\"s1\"><strong>\u00ae<\/strong><\/span> reconoce esta energ\u00eda como aquella acumulada a partir de pensamientos, emociones y creencias que acarreamos a lo largo de la vida.<\/p>\n<p>En un corto periodo de tiempo mientras est\u00e1s acostado relaj\u00e1ndote puedes cambiar tu vida. \u00a1Una oportunidad para liberar todo lo que te limita!<\/p>\n<p><img loading=\"lazy\" decoding=\"async\" class=\"alignnone size-medium wp-image-488\" src=\"https:\/\/www.lifeuplifter.eu\/wp-content\/uploads\/2021\/12\/access-bars-chart-2-300x244.jpg\" alt=\"\" width=\"300\" height=\"244\" srcset=\"https:\/\/www.lifeuplifter.eu\/wp-content\/uploads\/2021\/12\/access-bars-chart-2-300x244.jpg 300w, https:\/\/www.lifeuplifter.eu\/wp-content\/uploads\/2021\/12\/access-bars-chart-2-768x624.jpg 768w, https:\/\/www.lifeuplifter.eu\/wp-content\/uploads\/2021\/12\/access-bars-chart-2-630x512.jpg 630w\" sizes=\"(max-width: 300px) 100vw, 300px\" \/><\/p>\n<p><span style=\"color: #993366;\"><strong>Una\u00a0sesi\u00f3n de Access Bars\u00ae puede sentirse como presionar el bot\u00f3n \u201cborrar\u201d en el disco duro de tu computadora<\/strong><\/span>\u00a0\u2013 solo que esta vez, est\u00e1s creando espacio en el cerebro. Los patrones de pensamiento negativos, o esa charla mental interminable que te mantiene despierto por la noche, pueden ser liberados y, por lo tanto, dejar espacio para la paz que has estado anhelando.<\/p>\n<p>Cientos de miles de personas utilizan esta poderosa t\u00e9cnica para cambiar condiciones de su cuerpo y su vida, tales como la ansiedad, problemas para dormir, la salud, el peso, el dinero, el sexo, las relaciones, el estr\u00e9s y mucho m\u00e1s.<\/p>\n<p>Access Bars\u00ae es utilizado como una herramienta eficiente y pragm\u00e1tica por profesionales hol\u00edsticos, terapeutas, coaches, entrenadores, empresas, trabajadores del cuerpo, escuelas, consejeros, atletas, psic\u00f3logos y muchos m\u00e1s.<\/p>\n<p class=\"p1\">Las sesiones de Access Bars\u00ae son presenciales. Para reservar una sesi\u00f3n conmigo, solo env\u00edame un email a claudia@lifeuplifter.com<\/p>\n","protected":false},"excerpt":{"rendered":"<p>Access Bars\u00ae es una terapia alternativa pr\u00e1ctica, sencilla y muy poderosa que fue introducida por Gary Douglas a principios de 1990. Las barras son 32 puntos de la cabeza que, cuando se tocan suavemente, liberan bloqueos, creencias limitantes y patrones de pensamiento que nos impiden sentir felicidad y paz mental. Estos puntos contienen el componente &hellip; <\/p>\n<p class=\"link-more\"><a href=\"https:\/\/www.lifeuplifter.eu\/?page_id=3161\" class=\"more-link\">Continue reading<span class=\"screen-reader-text\"> &#8220;Access Bars\u00ae Terapia Alternativa&#8221;<\/span><\/a><\/p>\n","protected":false},"author":1,"featured_media":484,"parent":0,"menu_order":0,"comment_status":"closed","ping_status":"closed","template":"","meta":{"footnotes":""},"class_list":["post-3161","page","type-page","status-publish","has-post-thumbnail","hentry"],"_links":{"self":[{"href":"https:\/\/www.lifeuplifter.eu\/index.php?rest_route=\/wp\/v2\/pages\/3161"}],"collection":[{"href":"https:\/\/www.lifeuplifter.eu\/index.php?rest_route=\/wp\/v2\/pages"}],"about":[{"href":"https:\/\/www.lifeuplifter.eu\/index.php?rest_route=\/wp\/v2\/types\/page"}],"author":[{"embeddable":true,"href":"https:\/\/www.lifeuplifter.eu\/index.php?rest_route=\/wp\/v2\/users\/1"}],"replies":[{"embeddable":true,"href":"https:\/\/www.lifeuplifter.eu\/index.php?rest_route=%2Fwp%2Fv2%2Fcomments&post=3161"}],"version-history":[{"count":8,"href":"https:\/\/www.lifeuplifter.eu\/index.php?rest_route=\/wp\/v2\/pages\/3161\/revisions"}],"predecessor-version":[{"id":4703,"href":"https:\/\/www.lifeuplifter.eu\/index.php?rest_route=\/wp\/v2\/pages\/3161\/revisions\/4703"}],"wp:featuredmedia":[{"embeddable":true,"href":"https:\/\/www.lifeuplifter.eu\/index.php?rest_route=\/wp\/v2\/media\/484"}],"wp:attachment":[{"href":"https:\/\/www.lifeuplifter.eu\/index.php?rest_route=%2Fwp%2Fv2%2Fmedia&parent=3161"}],"curies":[{"name":"wp","href":"https:\/\/api.w.org\/{rel}","templated":true}]}}